{"id":67,"date":"2025-10-30T13:28:22","date_gmt":"2025-10-30T12:28:22","guid":{"rendered":"https:\/\/pracownicyopieki.org\/emeis\/?page_id=67"},"modified":"2025-10-30T13:31:07","modified_gmt":"2025-10-30T12:31:07","slug":"onas","status":"publish","type":"page","link":"https:\/\/pracownicyopieki.org\/emeis\/onas\/","title":{"rendered":"O nas"},"content":{"rendered":"\n<div class=\"wp-block-group alignwide is-vertical is-content-justification-stretch is-layout-flex wp-container-core-group-is-layout-7e003bba wp-block-group-is-layout-flex\">\n<div class=\"wp-block-columns is-layout-flex wp-container-core-columns-is-layout-28f84493 wp-block-columns-is-layout-flex\">\n<div class=\"wp-block-column is-layout-flow wp-block-column-is-layout-flow\" style=\"flex-basis:66.66%\">\n<p class=\"has-x-large-font-size\"><strong>Organizacja Zak\u0142adowa nr 07-212 w emeis Polska Sp. z o.o, OPZZ \u201eKonfederacja Pracy\u201d<\/strong> zrzesza pracownice i pracownik\u00f3w o\u015brodk\u00f3w emeis w ca\u0142ym kraju.<\/p>\n\n\n\n<p>Zrzeszamy opiekunki, pokojowe, piel\u0119gniarki, terapeut\u00f3w, rehabilitant\u00f3w, personel kuchni, personel sprz\u0105taj\u0105cy i wszystkich pozosta\u0142ych, ka\u017cda osoba mo\u017ce by\u0107 cz\u0142onkiem naszej Organizacji.<\/p>\n\n\n\n<p>Jeste\u015bmy tak\u017ce cz\u0119\u015bci\u0105 \u015bwiatowego ruchu pracownik\u00f3w sektora opieki (prywatnego i publicznego), kt\u00f3ry wsp\u00f3lnymi si\u0142ami chce zmieni\u0107 warunki pracy w naszej bran\u017cy. <\/p>\n\n\n\n<div class=\"wp-block-group is-vertical is-content-justification-stretch is-layout-flex wp-container-core-group-is-layout-7e003bba wp-block-group-is-layout-flex\">\n<div class=\"wp-block-group is-content-justification-center is-layout-flex wp-container-core-group-is-layout-b02886af wp-block-group-is-layout-flex\">\n<div class=\"wp-block-columns is-layout-flex wp-container-core-columns-is-layout-28f84493 wp-block-columns-is-layout-flex\">\n<div class=\"wp-block-column is-layout-flow wp-block-column-is-layout-flow\" style=\"flex-basis:100%\">\n<figure class=\"wp-block-image aligncenter size-medium is-resized\"><img loading=\"lazy\" decoding=\"async\" width=\"300\" height=\"120\" src=\"https:\/\/pracownicyopieki.org\/emeis\/wp-content\/uploads\/2025\/10\/LOGO-OPZZ-KP-300x120.png\" alt=\"\" class=\"wp-image-73\" style=\"object-fit:contain;width:220px;height:120px\" srcset=\"https:\/\/pracownicyopieki.org\/emeis\/wp-content\/uploads\/2025\/10\/LOGO-OPZZ-KP-300x120.png 300w, https:\/\/pracownicyopieki.org\/emeis\/wp-content\/uploads\/2025\/10\/LOGO-OPZZ-KP-1024x411.png 1024w, https:\/\/pracownicyopieki.org\/emeis\/wp-content\/uploads\/2025\/10\/LOGO-OPZZ-KP-768x308.png 768w, https:\/\/pracownicyopieki.org\/emeis\/wp-content\/uploads\/2025\/10\/LOGO-OPZZ-KP-1536x617.png 1536w, https:\/\/pracownicyopieki.org\/emeis\/wp-content\/uploads\/2025\/10\/LOGO-OPZZ-KP-2048x822.png 2048w\" sizes=\"auto, (max-width: 300px) 100vw, 300px\" \/><\/figure>\n<\/div>\n<\/div>\n\n\n\n<figure class=\"wp-block-image size-thumbnail is-resized\"><img decoding=\"async\" src=\"https:\/\/pracownicyopieki.org\/dps\/wp-content\/uploads\/2025\/05\/Logounicare-300x300-1-150x150.jpg\" alt=\"\" class=\"wp-image-38\" style=\"object-fit:contain;width:100px;height:100px\"\/><\/figure>\n\n\n\n<figure class=\"wp-block-image size-thumbnail is-resized\"><img decoding=\"async\" src=\"https:\/\/pracownicyopieki.org\/dps\/wp-content\/uploads\/2025\/05\/Uni-Global-Europa-Logo-LANDSCAPE-CMYK-297x300-1-150x150.jpg\" alt=\"\" class=\"wp-image-39\" style=\"object-fit:contain;width:90px;height:90px\"\/><\/figure>\n\n\n\n<p class=\"has-x-large-font-size\"><\/p>\n<\/div>\n<\/div>\n<\/div>\n\n\n\n<div class=\"wp-block-column is-layout-flow wp-block-column-is-layout-flow\" style=\"flex-basis:33.33%\">\n<h2 class=\"wp-block-heading\">Zarz\u0105d organizacji:<\/h2>\n<\/div>\n<\/div>\n\n\n\n<p class=\"has-x-large-font-size\"><\/p>\n<\/div>\n","protected":false},"excerpt":{"rendered":"<p>Organizacja Zak\u0142adowa nr 07-212 w emeis Polska Sp. z o.o, OPZZ \u201eKonfederacja Pracy\u201d zrzesza pracownice i pracownik\u00f3w o\u015brodk\u00f3w emeis w ca\u0142ym kraju. Zrzeszamy opiekunki, pokojowe, piel\u0119gniarki, terapeut\u00f3w, rehabilitant\u00f3w, personel kuchni, personel sprz\u0105taj\u0105cy i wszystkich pozosta\u0142ych, ka\u017cda osoba mo\u017ce by\u0107 cz\u0142onkiem naszej Organizacji. Jeste\u015bmy tak\u017ce cz\u0119\u015bci\u0105 \u015bwiatowego ruchu pracownik\u00f3w sektora opieki (prywatnego i publicznego), kt\u00f3ry wsp\u00f3lnymi [&hellip;]<\/p>\n","protected":false},"author":1,"featured_media":0,"parent":0,"menu_order":0,"comment_status":"closed","ping_status":"closed","template":"","meta":{"_FSMCFIC_featured_image_caption":"","_FSMCFIC_featured_image_nocaption":"","_FSMCFIC_featured_image_hide":"","footnotes":""},"class_list":["post-67","page","type-page","status-publish","hentry"],"_links":{"self":[{"href":"https:\/\/pracownicyopieki.org\/emeis\/wp-json\/wp\/v2\/pages\/67","targetHints":{"allow":["GET"]}}],"collection":[{"href":"https:\/\/pracownicyopieki.org\/emeis\/wp-json\/wp\/v2\/pages"}],"about":[{"href":"https:\/\/pracownicyopieki.org\/emeis\/wp-json\/wp\/v2\/types\/page"}],"author":[{"embeddable":true,"href":"https:\/\/pracownicyopieki.org\/emeis\/wp-json\/wp\/v2\/users\/1"}],"replies":[{"embeddable":true,"href":"https:\/\/pracownicyopieki.org\/emeis\/wp-json\/wp\/v2\/comments?post=67"}],"version-history":[{"count":4,"href":"https:\/\/pracownicyopieki.org\/emeis\/wp-json\/wp\/v2\/pages\/67\/revisions"}],"predecessor-version":[{"id":96,"href":"https:\/\/pracownicyopieki.org\/emeis\/wp-json\/wp\/v2\/pages\/67\/revisions\/96"}],"wp:attachment":[{"href":"https:\/\/pracownicyopieki.org\/emeis\/wp-json\/wp\/v2\/media?parent=67"}],"curies":[{"name":"wp","href":"https:\/\/api.w.org\/{rel}","templated":true}]}}