{"id":89,"date":"2025-06-26T15:31:46","date_gmt":"2025-06-26T13:31:46","guid":{"rendered":"https:\/\/pracownicyopieki.org\/dps\/?page_id=89"},"modified":"2025-10-30T16:29:18","modified_gmt":"2025-10-30T15:29:18","slug":"onas","status":"publish","type":"page","link":"https:\/\/pracownicyopieki.org\/dps\/onas\/","title":{"rendered":"Organizacja Mi\u0119dzyzak\u0142adowa Pracownik\u00f3w Opieki nr 14-019"},"content":{"rendered":"\n<div class=\"wp-block-group alignfull is-layout-flow wp-container-core-group-is-layout-f9cb6abc wp-block-group-is-layout-flow\" style=\"margin-top:0;margin-bottom:0\">\n<div class=\"wp-block-columns alignfull is-layout-flex wp-container-core-columns-is-layout-e154fb6a wp-block-columns-is-layout-flex\" style=\"margin-top:0;margin-bottom:0;padding-top:var(--wp--preset--spacing--40);padding-right:var(--wp--preset--spacing--40);padding-bottom:var(--wp--preset--spacing--80);padding-left:var(--wp--preset--spacing--40)\">\n<div class=\"wp-block-column is-layout-flow wp-block-column-is-layout-flow\" style=\"flex-basis:65%\">\n<div class=\"wp-block-group is-vertical is-content-justification-stretch is-layout-flex wp-container-core-group-is-layout-7e003bba wp-block-group-is-layout-flex\">\n<p class=\"has-x-large-font-size\"><strong>Organizacja Mi\u0119dzyzak\u0142adowa Pracownik\u00f3w Opieki nr 14-019 OPZZ \u201eKonfederacja Pracy\u201d<\/strong> zrzesza pracownice i pracownik\u00f3w Dom\u00f3w Pomocy Spo\u0142ecznej i o\u015brodk\u00f3w opieki kr\u00f3tko i d\u0142ugoterminowej w ca\u0142ym kraju.<\/p>\n\n\n\n<p>Zrzeszamy opiekunki, pokojowe, piel\u0119gniarki, terapeut\u00f3w, rehabilitant\u00f3w, personel kuchni, personel sprz\u0105taj\u0105cy i wszystkich pozosta\u0142ych, ka\u017cda osoba mo\u017ce by\u0107 cz\u0142onkiem naszej Organizacji.<\/p>\n<\/div>\n\n\n\n<p>Jeste\u015bmy tak\u017ce cz\u0119\u015bci\u0105 \u015bwiatowego ruchu pracownik\u00f3w sektora opieki (prywatnego i publicznego), kt\u00f3ry wsp\u00f3lnymi si\u0142ami chce zmieni\u0107 warunki pracy w naszej bran\u017cy. <\/p>\n\n\n\n<div class=\"wp-block-group is-vertical is-content-justification-stretch is-layout-flex wp-container-core-group-is-layout-7e003bba wp-block-group-is-layout-flex\">\n<div class=\"wp-block-group is-content-justification-center is-layout-flex wp-container-core-group-is-layout-b02886af wp-block-group-is-layout-flex\">\n<div class=\"wp-block-columns is-layout-flex wp-container-core-columns-is-layout-28f84493 wp-block-columns-is-layout-flex\">\n<div class=\"wp-block-column is-layout-flow wp-block-column-is-layout-flow\" style=\"flex-basis:100%\">\n<figure class=\"wp-block-image aligncenter size-medium is-resized\"><img loading=\"lazy\" decoding=\"async\" width=\"300\" height=\"120\" src=\"https:\/\/pracownicyopieki.org\/dps\/wp-content\/uploads\/2025\/05\/LOGO-OPZZ-KP-1024x411-1-300x120.png\" alt=\"\" class=\"wp-image-40\" style=\"object-fit:contain;width:220px;height:120px\" srcset=\"https:\/\/pracownicyopieki.org\/dps\/wp-content\/uploads\/2025\/05\/LOGO-OPZZ-KP-1024x411-1-300x120.png 300w, https:\/\/pracownicyopieki.org\/dps\/wp-content\/uploads\/2025\/05\/LOGO-OPZZ-KP-1024x411-1-768x308.png 768w, https:\/\/pracownicyopieki.org\/dps\/wp-content\/uploads\/2025\/05\/LOGO-OPZZ-KP-1024x411-1.png 1024w\" sizes=\"auto, (max-width: 300px) 100vw, 300px\" \/><\/figure>\n<\/div>\n<\/div>\n\n\n\n<figure class=\"wp-block-image size-thumbnail is-resized\"><img loading=\"lazy\" decoding=\"async\" width=\"150\" height=\"150\" src=\"https:\/\/pracownicyopieki.org\/dps\/wp-content\/uploads\/2025\/05\/Logounicare-300x300-1-150x150.jpg\" alt=\"\" class=\"wp-image-38\" style=\"object-fit:contain;width:100px;height:100px\" srcset=\"https:\/\/pracownicyopieki.org\/dps\/wp-content\/uploads\/2025\/05\/Logounicare-300x300-1-150x150.jpg 150w, https:\/\/pracownicyopieki.org\/dps\/wp-content\/uploads\/2025\/05\/Logounicare-300x300-1.jpg 300w\" sizes=\"auto, (max-width: 150px) 100vw, 150px\" \/><\/figure>\n\n\n\n<figure class=\"wp-block-image size-thumbnail is-resized\"><img loading=\"lazy\" decoding=\"async\" width=\"150\" height=\"150\" src=\"https:\/\/pracownicyopieki.org\/dps\/wp-content\/uploads\/2025\/05\/Uni-Global-Europa-Logo-LANDSCAPE-CMYK-297x300-1-150x150.jpg\" alt=\"\" class=\"wp-image-39\" style=\"object-fit:contain;width:90px;height:90px\"\/><\/figure>\n\n\n\n<p class=\"has-x-large-font-size\"><\/p>\n<\/div>\n<\/div>\n<\/div>\n\n\n\n<div class=\"wp-block-column is-layout-flow wp-block-column-is-layout-flow\" style=\"flex-basis:35%\">\n<h2 class=\"wp-block-heading\">Zarz\u0105d organizacji:<\/h2>\n<\/div>\n<\/div>\n\n\n\n<div class=\"wp-block-columns alignfull is-style-section-2 is-layout-flex wp-container-core-columns-is-layout-d9884270 wp-block-columns-is-layout-flex is-style-section-2--1\" style=\"padding-top:0;padding-bottom:0\">\n<div class=\"wp-block-column has-background is-layout-flow wp-block-column-is-layout-flow\" style=\"background-color:#c61022;flex-basis:50%\">\n<div class=\"wp-block-group is-vertical is-content-justification-stretch is-layout-flex wp-container-core-group-is-layout-098fff0a wp-block-group-is-layout-flex\" style=\"min-height:33vh;padding-top:var(--wp--preset--spacing--50);padding-right:var(--wp--preset--spacing--50);padding-bottom:var(--wp--preset--spacing--50);padding-left:var(--wp--preset--spacing--50)\">\n<div style=\"height:0px\" aria-hidden=\"true\" class=\"wp-block-spacer wp-container-content-6388d5dc\"><\/div>\n\n\n\n<h2 class=\"wp-block-heading\"><strong><strong>Czas dzia\u0142ania jest teraz.<\/strong><\/strong><\/h2>\n\n\n\n<p class=\"has-base-color has-text-color has-link-color has-xx-large-font-size wp-elements-e24591d126eecb0b90c4471afe7a9ae0\"><a href=\"https:\/\/pracownicyopieki.org\/dps\/dolacz\/\" data-type=\"page\" data-id=\"50\"><strong><strong>Przy\u0142\u0105cz si\u0119 do nas!<\/strong><\/strong><\/a><\/p>\n<\/div>\n<\/div>\n\n\n\n<div class=\"wp-block-column is-layout-flow wp-block-column-is-layout-flow\" style=\"flex-basis:50%\"><figure style=\"height:500px;\" class=\"wp-block-post-featured-image\"><img loading=\"lazy\" decoding=\"async\" width=\"2560\" height=\"2145\" src=\"https:\/\/pracownicyopieki.org\/dps\/wp-content\/uploads\/2025\/06\/DSC09498-scaled.jpg\" class=\"attachment-post-thumbnail size-post-thumbnail wp-post-image\" alt=\"\" style=\"height:500px;object-fit:cover;\" srcset=\"https:\/\/pracownicyopieki.org\/dps\/wp-content\/uploads\/2025\/06\/DSC09498-scaled.jpg 2560w, https:\/\/pracownicyopieki.org\/dps\/wp-content\/uploads\/2025\/06\/DSC09498-300x251.jpg 300w, https:\/\/pracownicyopieki.org\/dps\/wp-content\/uploads\/2025\/06\/DSC09498-1024x858.jpg 1024w, https:\/\/pracownicyopieki.org\/dps\/wp-content\/uploads\/2025\/06\/DSC09498-768x644.jpg 768w, https:\/\/pracownicyopieki.org\/dps\/wp-content\/uploads\/2025\/06\/DSC09498-1536x1287.jpg 1536w, https:\/\/pracownicyopieki.org\/dps\/wp-content\/uploads\/2025\/06\/DSC09498-2048x1716.jpg 2048w\" sizes=\"auto, (max-width: 2560px) 100vw, 2560px\" \/><\/figure><\/div>\n<\/div>\n<\/div>\n","protected":false},"excerpt":{"rendered":"<p>Organizacja Mi\u0119dzyzak\u0142adowa Pracownik\u00f3w Opieki nr 14-019 OPZZ \u201eKonfederacja Pracy\u201d zrzesza pracownice i pracownik\u00f3w Dom\u00f3w Pomocy Spo\u0142ecznej i o\u015brodk\u00f3w opieki kr\u00f3tko i d\u0142ugoterminowej w ca\u0142ym kraju. Zrzeszamy opiekunki, pokojowe, piel\u0119gniarki, terapeut\u00f3w, rehabilitant\u00f3w, personel kuchni, personel sprz\u0105taj\u0105cy i wszystkich pozosta\u0142ych, ka\u017cda osoba mo\u017ce by\u0107 cz\u0142onkiem naszej Organizacji. Jeste\u015bmy tak\u017ce cz\u0119\u015bci\u0105 \u015bwiatowego ruchu pracownik\u00f3w sektora opieki (prywatnego i [&hellip;]<\/p>\n","protected":false},"author":1,"featured_media":92,"parent":0,"menu_order":0,"comment_status":"closed","ping_status":"closed","template":"","meta":{"_FSMCFIC_featured_image_caption":"","_FSMCFIC_featured_image_nocaption":"","_FSMCFIC_featured_image_hide":"","footnotes":""},"class_list":["post-89","page","type-page","status-publish","has-post-thumbnail","hentry"],"_links":{"self":[{"href":"https:\/\/pracownicyopieki.org\/dps\/wp-json\/wp\/v2\/pages\/89","targetHints":{"allow":["GET"]}}],"collection":[{"href":"https:\/\/pracownicyopieki.org\/dps\/wp-json\/wp\/v2\/pages"}],"about":[{"href":"https:\/\/pracownicyopieki.org\/dps\/wp-json\/wp\/v2\/types\/page"}],"author":[{"embeddable":true,"href":"https:\/\/pracownicyopieki.org\/dps\/wp-json\/wp\/v2\/users\/1"}],"replies":[{"embeddable":true,"href":"https:\/\/pracownicyopieki.org\/dps\/wp-json\/wp\/v2\/comments?post=89"}],"version-history":[{"count":10,"href":"https:\/\/pracownicyopieki.org\/dps\/wp-json\/wp\/v2\/pages\/89\/revisions"}],"predecessor-version":[{"id":178,"href":"https:\/\/pracownicyopieki.org\/dps\/wp-json\/wp\/v2\/pages\/89\/revisions\/178"}],"wp:featuredmedia":[{"embeddable":true,"href":"https:\/\/pracownicyopieki.org\/dps\/wp-json\/wp\/v2\/media\/92"}],"wp:attachment":[{"href":"https:\/\/pracownicyopieki.org\/dps\/wp-json\/wp\/v2\/media?parent=89"}],"curies":[{"name":"wp","href":"https:\/\/api.w.org\/{rel}","templated":true}]}}