{"id":7,"date":"2025-05-06T11:20:54","date_gmt":"2025-05-06T09:20:54","guid":{"rendered":"https:\/\/pracownicyopieki.org\/dps\/union-registration-page\/"},"modified":"2025-10-30T13:23:40","modified_gmt":"2025-10-30T12:23:40","slug":"dolacz","status":"publish","type":"page","link":"https:\/\/pracownicyopieki.org\/dps\/dolacz\/","title":{"rendered":"Do\u0142\u0105cz do zwi\u0105zku!"},"content":{"rendered":"\n<div class=\"wp-block-columns alignwide is-layout-flex wp-container-core-columns-is-layout-28f84493 wp-block-columns-is-layout-flex\">\n<div class=\"wp-block-column is-layout-flow wp-block-column-is-layout-flow\">\n<figure class=\"wp-block-image size-full\"><img loading=\"lazy\" decoding=\"async\" width=\"1024\" height=\"411\" src=\"https:\/\/pracownicyopieki.org\/dps\/wp-content\/uploads\/2025\/05\/LOGO-OPZZ-KP-1024x411-1.png\" alt=\"\" class=\"wp-image-40\" srcset=\"https:\/\/pracownicyopieki.org\/dps\/wp-content\/uploads\/2025\/05\/LOGO-OPZZ-KP-1024x411-1.png 1024w, https:\/\/pracownicyopieki.org\/dps\/wp-content\/uploads\/2025\/05\/LOGO-OPZZ-KP-1024x411-1-300x120.png 300w, https:\/\/pracownicyopieki.org\/dps\/wp-content\/uploads\/2025\/05\/LOGO-OPZZ-KP-1024x411-1-768x308.png 768w\" sizes=\"auto, (max-width: 1024px) 100vw, 1024px\" \/><\/figure>\n\n\n\n<p>Deklaruj\u0119 wol\u0119 przyst\u0105pienia do OPZZ Konfederacja Pracy oraz przyjmuj\u0119 na siebie prawa i obowi\u0105zki wynikaj\u0105ce ze Statutu i postanowie\u0144 w\u0142adz Zwi\u0105zku. <\/p>\n\n\n\n<p>O\u015bwiadczam, \u017ce niezale\u017cnie od mojego ewentualnego (tak\u017ce przysz\u0142ego i r\u00f3wnoleg\u0142ego) cz\u0142onkostwa w innym zwi\u0105zku zawodowym ni\u017c OPZZ Konfederacja Pracy \u2013 moj\u0105 wol\u0105 jest, aby dla wszystkich cel\u00f3w okre\u015blonych przez prawo pracy, w tym m.in. do ustalenia liczebno\u015bci i reprezentatywno\u015bci zwi\u0105zku zawodowego w zak\u0142adzie pracy zalicza\u0107 mnie wy\u0142\u0105cznie do OPZZ Konfederacja Pracy. Obowi\u0105zuje to do wyra\u017anego odwo\u0142ania.<\/p>\n\n\n\n<p class=\"has-medium-font-size\"><strong>Klauzula informacyjna:<\/strong> Organizacja podstawowa OPZZ Konfederacja Pracy dzia\u0142aj\u0105ca w powy\u017cej wskazanym zak\u0142adzie pracy (lub Zarz\u0105d Krajowy Zwi\u0105zku w szczeg\u00f3lnych przypadkach) jako administrator danych osobowych, gromadzi dane osobowe swoich cz\u0142onk\u00f3w uzyskane podczas podpisywania deklaracji cz\u0142onkowskiej oraz w trakcie przynale\u017cno\u015bci do zwi\u0105zku zawodowego (\u201eDane osobowe\u201d), w szczeg\u00f3lno\u015bci: imi\u0119 (imiona) i nazwisko, PESEL, p\u0142e\u0107, adres e-mail, adres do kontaktu, telefon, zak\u0142ad pracy, stanowisko. Dane te mog\u0105 by\u0107 przekazywane wszystkim instancjom OPZZ Konfederacja Pracy w celu prowadzenia dzia\u0142alno\u015bci Zwi\u0105zku.<\/p>\n<\/div>\n\n\n\n<div class=\"wp-block-column is-layout-flow wp-block-column-is-layout-flow\"><div class=\"uni-forminator-form\" data-activeForm=\"75\"><div class=\"forminator-ui forminator-custom-form forminator-custom-form-75 forminator-design--default  forminator_ajax\" data-forminator-render=\"0\" data-form=\"forminator-module-75\" data-uid=\"69d5cf118f238\"><br\/><\/div><form\n\t\t\t\tid=\"forminator-module-75\"\n\t\t\t\tclass=\"forminator-ui forminator-custom-form forminator-custom-form-75 forminator-design--default  forminator_ajax\"\n\t\t\t\tmethod=\"post\"\n\t\t\t\tdata-forminator-render=\"0\"\n\t\t\t\tdata-form-id=\"75\"\n\t\t\t\t data-color-option=\"default\" data-design=\"default\" data-grid=\"open\" style=\"display: none;\"\n\t\t\t\tdata-uid=\"69d5cf118f238\"\n\t\t\t><div role=\"alert\" aria-live=\"polite\" class=\"forminator-response-message forminator-error\" aria-hidden=\"true\"><\/div><div class=\"forminator-row\"><div id=\"email-1\" class=\"forminator-field-email forminator-col forminator-col-12 \"><div class=\"forminator-field\"><label for=\"forminator-field-email-1_69d5cf118f238\" id=\"forminator-field-email-1_69d5cf118f238-label\" class=\"forminator-label\">Adres e-mail <span class=\"forminator-required\">*<\/span><\/label><input type=\"email\" name=\"email-1\" value=\"\" placeholder=\"Np. janina@kowalska.pl\" id=\"forminator-field-email-1_69d5cf118f238\" class=\"forminator-input forminator-email--field\" data-required=\"true\" aria-required=\"true\" autocomplete=\"email\" \/><\/div><\/div><\/div><div class=\"forminator-row\"><div id=\"name-1\" class=\"forminator-field-name forminator-col forminator-col-12 \"><div class=\"forminator-row forminator-no-margin\" data-multiple=\"true\"><div class=\"forminator-col forminator-col-md-6\"><div class=\"forminator-field\"><label for=\"forminator-field-first-name-1_69d5cf118f238\" id=\"forminator-field-first-name-1_69d5cf118f238-label\" class=\"forminator-label\">Imi\u0119 <span class=\"forminator-required\">*<\/span><\/label><input type=\"text\" name=\"name-1-first-name\" placeholder=\"Np. Janina\" id=\"forminator-field-first-name-1_69d5cf118f238\" class=\"forminator-input\" aria-required=\"true\" data-multi=\"1\" autocomplete=\"given-name\" value=\"\" \/><\/div><\/div><div class=\"forminator-col forminator-col-md-6\"><div class=\"forminator-field\"><label for=\"forminator-field-last-name-1_69d5cf118f238\" id=\"forminator-field-last-name-1_69d5cf118f238-label\" class=\"forminator-label\">Nazwisko <span class=\"forminator-required\">*<\/span><\/label><input type=\"text\" name=\"name-1-last-name\" placeholder=\"Np. Kowalska\" id=\"forminator-field-last-name-1_69d5cf118f238\" class=\"forminator-input\" aria-required=\"true\" data-multi=\"1\" autocomplete=\"family-name\" value=\"\" \/><\/div><\/div><\/div><\/div><\/div><div class=\"forminator-row\"><div id=\"text-1\" class=\"forminator-field-text forminator-col forminator-col-12 \"><div class=\"forminator-field\"><label for=\"forminator-field-text-1_69d5cf118f238\" id=\"forminator-field-text-1_69d5cf118f238-label\" class=\"forminator-label\">Numer PESEL <span class=\"forminator-required\">*<\/span><\/label><input type=\"text\" name=\"text-1\" value=\"\" placeholder=\"Numer PESEL\" id=\"forminator-field-text-1_69d5cf118f238\" class=\"forminator-input forminator-name--field\" data-required=\"1\" \/><\/div><\/div><\/div><div class=\"forminator-row\"><div id=\"phone-1\" class=\"forminator-field-phone forminator-col forminator-col-12 \"><div class=\"forminator-field\"><label for=\"forminator-field-phone-1_69d5cf118f238\" id=\"forminator-field-phone-1_69d5cf118f238-label\" class=\"forminator-label\">Telefon <span class=\"forminator-required\">*<\/span><\/label><input type=\"text\" name=\"phone-1\" value=\"\" placeholder=\"Np. +48 800 800 605\" id=\"forminator-field-phone-1_69d5cf118f238\" class=\"forminator-input forminator-field--phone\" data-required=\"1\" aria-required=\"true\" autocomplete=\"off\" \/><\/div><\/div><\/div><div class=\"forminator-row\"><div id=\"address-1\" class=\"forminator-field-address forminator-col forminator-col-12 \"><div class=\"forminator-row\"><div id=\"address-1-street_address\" class=\"forminator-col\"><div class=\"forminator-field\"><label for=\"forminator-field-address-1-street_address_69d5cf118f238\" id=\"forminator-field-address-1-street_address_69d5cf118f238-label\" class=\"forminator-label\">Ulica <span class=\"forminator-required\">*<\/span><\/label><input type=\"text\" name=\"address-1-street_address\" placeholder=\"Np. Kwiatowa 12\" id=\"forminator-field-address-1-street_address_69d5cf118f238\" class=\"forminator-input\" data-required=\"1\" aria-required=\"true\" autocomplete=\"address-line1\" value=\"\" \/><\/div><\/div><\/div><div class=\"forminator-row\" data-multiple=\"false\"><div id=\"address-1-city\" class=\"forminator-col forminator-col-12\"><div class=\"forminator-field\"><label for=\"forminator-field-address-1-city_69d5cf118f238\" id=\"forminator-field-address-1-city_69d5cf118f238-label\" class=\"forminator-label\">Miasto <span class=\"forminator-required\">*<\/span><\/label><input type=\"text\" name=\"address-1-city\" placeholder=\"Np. Warszawa\" id=\"forminator-field-address-1-city_69d5cf118f238\" class=\"forminator-input\" data-required=\"1\" aria-required=\"true\" autocomplete=\"address-level2\" value=\"\" \/><\/div><\/div><\/div><div class=\"forminator-row\" data-multiple=\"false\"><div id=\"address-1-zip\" class=\"forminator-col forminator-col-12\"><div class=\"forminator-field\"><label for=\"forminator-field-address-1-zip_69d5cf118f238\" id=\"forminator-field-address-1-zip_69d5cf118f238-label\" class=\"forminator-label\">Kod pocztowy <span class=\"forminator-required\">*<\/span><\/label><input type=\"text\" name=\"address-1-zip\" placeholder=\"Np. 00-000\" id=\"forminator-field-address-1-zip_69d5cf118f238\" class=\"forminator-input\" autocomplete=\"postal-code\" value=\"\" \/><\/div><\/div><\/div><\/div><\/div><div class=\"forminator-row\"><div id=\"select-1\" class=\"forminator-field-select forminator-col forminator-col-12 \"><div class=\"forminator-field\"><label for=\"forminator-form-75__field--select-1_69d5cf118f238\" id=\"forminator-form-75__field--select-1_69d5cf118f238-label\" class=\"forminator-label\">Zak\u0142ad pracy<\/label><select  id=\"forminator-form-75__field--select-1_69d5cf118f238\" class=\"forminator-select--field forminator-select2 forminator-select2-multiple\" data-required=\"\" name=\"select-1\" data-default-value=\"\" data-hidden-behavior=\"zero\" data-placeholder=\"Tw\u00f3j zak\u0142ad pracy\" data-search=\"false\" data-search-placeholder=\"Tw\u00f3j zak\u0142ad pracy\" data-checkbox=\"false\" data-allow-clear=\"false\" aria-labelledby=\"forminator-form-75__field--select-1_69d5cf118f238-label\"><option value=\"\"  >Tw\u00f3j zak\u0142ad pracy<\/option><option value=\"inne\"  data-calculation=\"0\">Inne<\/option><option value=\"115\"  data-calculation=\"0\">nowy zak\u0142ad<\/option><option value=\"61\"  data-calculation=\"0\">I Jeszcze jeden<\/option><option value=\"60\"  data-calculation=\"0\">Kolejny<\/option><option value=\"54\"  data-calculation=\"0\">Testowy<\/option><\/select><\/div><\/div><\/div><div class=\"forminator-row\"><div id=\"text-2\" class=\"forminator-field-text forminator-col forminator-col-12 \"><div class=\"forminator-field\"><label for=\"forminator-field-text-2_69d5cf118f238\" id=\"forminator-field-text-2_69d5cf118f238-label\" class=\"forminator-label\">Inny zak\u0142ad pracy<\/label><input type=\"text\" name=\"text-2\" value=\"\" placeholder=\"\" id=\"forminator-field-text-2_69d5cf118f238\" class=\"forminator-input forminator-name--field\" data-required=\"\" \/><\/div><\/div><\/div><div class=\"forminator-row\"><div id=\"position-1\" class=\"forminator-field-text forminator-col forminator-col-12 \"><div class=\"forminator-field\"><label for=\"forminator-field-position-1_69d5cf118f238\" id=\"forminator-field-position-1_69d5cf118f238-label\" class=\"forminator-label\">Stanowisko pracy <span class=\"forminator-required\">*<\/span><\/label><input type=\"text\" name=\"position-1\" value=\"\" placeholder=\"Np. technik\" id=\"forminator-field-position-1_69d5cf118f238\" class=\"forminator-input forminator-name--field\" data-required=\"1\" \/><\/div><\/div><\/div><div class=\"forminator-row\"><div id=\"consent-1\" class=\"forminator-field-consent forminator-col forminator-col-12 \"><div class=\"forminator-field\"><label for=\"forminator-field-consent-1_69d5cf118f238\" id=\"forminator-field-consent-1_69d5cf118f238-label\" class=\"forminator-label\">Zgoda <span class=\"forminator-required\">*<\/span><\/label><div class=\"forminator-checkbox__wrapper\"><label id=\"forminator-field-consent-1_69d5cf118f238__label\" class=\"forminator-checkbox forminator-consent\"><input type=\"checkbox\" name=\"consent-1\" id=\"forminator-field-consent-1_69d5cf118f238\" value=\"checked\" aria-labelledby=\"forminator-field-consent-1_69d5cf118f238-label\" aria-describedby=\"forminator-field-consent-1_69d5cf118f238__description\" data-required=\"true\" aria-required=\"true\" \/><span class=\"forminator-checkbox-box\" aria-hidden=\"true\"><\/span><\/label><div id=\"forminator-field-consent-1_69d5cf118f238__description\" class=\"forminator-checkbox__label forminator-consent__label\">Potwierdzam znajomo\u015b\u0107 tre\u015bci statutu zwi\u0105zku i zobowi\u0105zuj\u0119 si\u0119 op\u0142aca\u0107 sk\u0142adki cz\u0142onkowskie.<\/div><\/div><\/div><\/div><\/div><div class=\"forminator-row\"><div id=\"consent-2\" class=\"forminator-field-consent forminator-col forminator-col-12 \"><div class=\"forminator-field\"><label for=\"forminator-field-consent-2_69d5cf118f238\" id=\"forminator-field-consent-2_69d5cf118f238-label\" class=\"forminator-label\">Zgoda<\/label><div class=\"forminator-checkbox__wrapper\"><label id=\"forminator-field-consent-2_69d5cf118f238__label\" class=\"forminator-checkbox forminator-consent\"><input type=\"checkbox\" name=\"consent-2\" id=\"forminator-field-consent-2_69d5cf118f238\" value=\"checked\" aria-labelledby=\"forminator-field-consent-2_69d5cf118f238-label\" aria-describedby=\"forminator-field-consent-2_69d5cf118f238__description\" data-required=\"false\" aria-required=\"false\" \/><span class=\"forminator-checkbox-box\" aria-hidden=\"true\"><\/span><\/label><div id=\"forminator-field-consent-2_69d5cf118f238__description\" class=\"forminator-checkbox__label forminator-consent__label\">Upowa\u017cniam zwi\u0105zek do  korzystania z danych kadrowych i akt osobowych<\/div><\/div><\/div><\/div><\/div><div class=\"forminator-row\"><div id=\"consent-3\" class=\"forminator-field-consent forminator-col forminator-col-12 \"><div class=\"forminator-field\"><label for=\"forminator-field-consent-3_69d5cf118f238\" id=\"forminator-field-consent-3_69d5cf118f238-label\" class=\"forminator-label\">Zgoda<\/label><div class=\"forminator-checkbox__wrapper\"><label id=\"forminator-field-consent-3_69d5cf118f238__label\" class=\"forminator-checkbox forminator-consent\"><input type=\"checkbox\" name=\"consent-3\" id=\"forminator-field-consent-3_69d5cf118f238\" value=\"checked\" aria-labelledby=\"forminator-field-consent-3_69d5cf118f238-label\" aria-describedby=\"forminator-field-consent-3_69d5cf118f238__description\" data-required=\"false\" aria-required=\"false\" \/><span class=\"forminator-checkbox-box\" aria-hidden=\"true\"><\/span><\/label><div id=\"forminator-field-consent-3_69d5cf118f238__description\" class=\"forminator-checkbox__label forminator-consent__label\"><p>Zgadzam si\u0119 na reprezentowanie mnie przez zwi\u0105zek<br><br><\/p><\/div><\/div><\/div><\/div><\/div><div class=\"forminator-row\"><div id=\"radio-1\" class=\"forminator-field-radio forminator-col forminator-col-12 \"><div role=\"radiogroup\" class=\"forminator-field\" aria-labelledby=\"forminator-radiogroup-radio-1-69d5cf118f238-label\"><span id=\"forminator-radiogroup-radio-1-69d5cf118f238-label\" class=\"forminator-label\">Wyb\u00f3r sposobu op\u0142acania sk\u0142adek <span class=\"forminator-required\">*<\/span><\/span><label id=\"forminator-field-radio-1-label-1\" for=\"forminator-field-radio-1-1-69d5cf118f238\" class=\"forminator-radio\" title=\"Wyra\u017cam zgod\u0119 na potr\u0105canie sk\u0142adki przez pracodawc\u0119 z mojego wynagrodzenia.\"><input type=\"radio\" name=\"radio-1\" value=\"auto\" id=\"forminator-field-radio-1-1-69d5cf118f238\" aria-labelledby=\"forminator-field-radio-1-label-1\" data-calculation=\"0\"   data-hidden-behavior=\"zero\"\/><span class=\"forminator-radio-bullet\" aria-hidden=\"true\"><\/span><span class=\"forminator-radio-label\">Wyra\u017cam zgod\u0119 na potr\u0105canie sk\u0142adki przez pracodawc\u0119 z mojego wynagrodzenia.<\/span><\/label><label id=\"forminator-field-radio-1-label-2\" for=\"forminator-field-radio-1-2-69d5cf118f238\" class=\"forminator-radio\" title=\"Zobowi\u0105zuj\u0119 si\u0119 do przekazywania sk\u0142adki osobi\u015bcie na wskazane konto bankowe zwi\u0105zku\"><input type=\"radio\" name=\"radio-1\" value=\"personal\" id=\"forminator-field-radio-1-2-69d5cf118f238\" aria-labelledby=\"forminator-field-radio-1-label-2\" data-calculation=\"0\"   data-hidden-behavior=\"zero\"\/><span class=\"forminator-radio-bullet\" aria-hidden=\"true\"><\/span><span class=\"forminator-radio-label\">Zobowi\u0105zuj\u0119 si\u0119 do przekazywania sk\u0142adki osobi\u015bcie na wskazane konto bankowe zwi\u0105zku<\/span><\/label><\/div><\/div><\/div><div class=\"forminator-row forminator-hidden\"><div id=\"hidden-1\" class=\"forminator-field-hidden  forminator-col-12 \"><input type=\"hidden\" id=\"hidden-1_69d5cf118f238\" name=\"hidden-1\" value=\"1\" \/><\/div><\/div><input type=\"hidden\" name=\"referer_url\" value=\"\" \/><div class=\"forminator-row forminator-row-last\"><div class=\"forminator-col\"><div class=\"forminator-field\"><button class=\"forminator-button forminator-button-submit\">Wy\u015blij<\/button><\/div><\/div><\/div><input type=\"hidden\" id=\"forminator_nonce\" name=\"forminator_nonce\" value=\"b627af8621\" \/><input type=\"hidden\" name=\"_wp_http_referer\" value=\"\/dps\/wp-json\/wp\/v2\/pages\/7\" \/><input type=\"hidden\" name=\"form_id\" value=\"75\"><input type=\"hidden\" name=\"page_id\" value=\"7\"><input type=\"hidden\" name=\"form_type\" value=\"default\"><input type=\"hidden\" name=\"current_url\" value=\"https:\/\/pracownicyopieki.org\/dps\/dolacz\/\"><input type=\"hidden\" name=\"render_id\" value=\"0\"><input type=\"hidden\" name=\"action\" value=\"forminator_submit_form_custom-forms\"><label for=\"input_14\" class=\"forminator-hidden\" aria-hidden=\"true\">Prosz\u0119 nie wype\u0142nia\u0107 tego pola. <input id=\"input_14\" type=\"text\" name=\"input_14\" value=\"\" autocomplete=\"off\"><\/label><\/form><p><img decoding=\"async\" src=\"https:\/\/pracownicyopieki.org\/dps\/wp-content\/uploads\/2025\/05\/glos-praconwikow-opieki-80.png\" alt=\"LOGO\" style=\"padding-left: 4px; width: auto; height: 50px; float: right; \"><img decoding=\"async\" src=\"https:\/\/pracownicyopieki.org\/dps\/wp-content\/plugins\/uni-global-union\/\/public\/img\/PL_FundedbytheEU_RGB_POS.webp\" alt=\"EU\" style=\"max-width: 35%; float: right; height: auto;\"><div style=\"max-width:64%; word-wrap:break-word; font-size: 0.7em; font-style: italic;\">Wtyczka do rejestracji powsta\u0142a w ramach projektu <a href=\"https:\/\/cozz.pl\/pl\/project\/digitalup\/\">DigitalUp<\/a> wsp\u00f3\u0142finansowanego przez Uni\u0119 Europejsk\u0105<\/div><\/p><\/div>\n<\/div>\n<\/div>\n","protected":false},"excerpt":{"rendered":"<p>Deklaruj\u0119 wol\u0119 przyst\u0105pienia do OPZZ Konfederacja Pracy oraz przyjmuj\u0119 na siebie prawa i obowi\u0105zki wynikaj\u0105ce ze Statutu i postanowie\u0144 w\u0142adz Zwi\u0105zku. O\u015bwiadczam, \u017ce niezale\u017cnie od mojego ewentualnego (tak\u017ce przysz\u0142ego i r\u00f3wnoleg\u0142ego) cz\u0142onkostwa w innym zwi\u0105zku zawodowym ni\u017c OPZZ Konfederacja Pracy \u2013 moj\u0105 wol\u0105 jest, aby dla wszystkich cel\u00f3w okre\u015blonych przez prawo pracy, w tym m.in. [&hellip;]<\/p>\n","protected":false},"author":1,"featured_media":0,"parent":0,"menu_order":0,"comment_status":"closed","ping_status":"closed","template":"","meta":{"_FSMCFIC_featured_image_caption":"","_FSMCFIC_featured_image_nocaption":"","_FSMCFIC_featured_image_hide":"","footnotes":""},"class_list":["post-7","page","type-page","status-publish","hentry"],"_links":{"self":[{"href":"https:\/\/pracownicyopieki.org\/dps\/wp-json\/wp\/v2\/pages\/7","targetHints":{"allow":["GET"]}}],"collection":[{"href":"https:\/\/pracownicyopieki.org\/dps\/wp-json\/wp\/v2\/pages"}],"about":[{"href":"https:\/\/pracownicyopieki.org\/dps\/wp-json\/wp\/v2\/types\/page"}],"author":[{"embeddable":true,"href":"https:\/\/pracownicyopieki.org\/dps\/wp-json\/wp\/v2\/users\/1"}],"replies":[{"embeddable":true,"href":"https:\/\/pracownicyopieki.org\/dps\/wp-json\/wp\/v2\/comments?post=7"}],"version-history":[{"count":6,"href":"https:\/\/pracownicyopieki.org\/dps\/wp-json\/wp\/v2\/pages\/7\/revisions"}],"predecessor-version":[{"id":177,"href":"https:\/\/pracownicyopieki.org\/dps\/wp-json\/wp\/v2\/pages\/7\/revisions\/177"}],"wp:attachment":[{"href":"https:\/\/pracownicyopieki.org\/dps\/wp-json\/wp\/v2\/media?parent=7"}],"curies":[{"name":"wp","href":"https:\/\/api.w.org\/{rel}","templated":true}]}}