{"id":180,"date":"2025-10-30T17:03:30","date_gmt":"2025-10-30T16:03:30","guid":{"rendered":"https:\/\/pracownicyopieki.org\/dps\/?page_id=180"},"modified":"2025-10-30T17:04:37","modified_gmt":"2025-10-30T16:04:37","slug":"aktualnosci","status":"publish","type":"page","link":"https:\/\/pracownicyopieki.org\/dps\/aktualnosci\/","title":{"rendered":"Aktualno\u015bci"},"content":{"rendered":"\n<div class=\"wp-block-query alignwide is-layout-flow wp-block-query-is-layout-flow\"><ul class=\"wp-block-post-template is-layout-flow wp-block-post-template-is-layout-flow\"><li class=\"wp-block-post post-186 post type-post status-publish format-standard has-post-thumbnail hentry category-aktualnosci\">\n\n<div class=\"wp-block-columns alignwide is-layout-flex wp-container-core-columns-is-layout-28f84493 wp-block-columns-is-layout-flex\">\n<div class=\"wp-block-column is-layout-flow wp-block-column-is-layout-flow\" style=\"flex-basis:30%\"><figure class=\"wp-block-post-featured-image\"><a href=\"https:\/\/pracownicyopieki.org\/dps\/przetestuj-rejestracje-online\/\" target=\"_self\"  ><img loading=\"lazy\" decoding=\"async\" width=\"2560\" height=\"2145\" src=\"https:\/\/pracownicyopieki.org\/dps\/wp-content\/uploads\/2025\/06\/DSC09498-scaled.jpg\" class=\"attachment-post-thumbnail size-post-thumbnail wp-post-image\" alt=\"Przetestuj rejestracj\u0119 online!\" style=\"object-fit:cover;\" srcset=\"https:\/\/pracownicyopieki.org\/dps\/wp-content\/uploads\/2025\/06\/DSC09498-scaled.jpg 2560w, https:\/\/pracownicyopieki.org\/dps\/wp-content\/uploads\/2025\/06\/DSC09498-300x251.jpg 300w, https:\/\/pracownicyopieki.org\/dps\/wp-content\/uploads\/2025\/06\/DSC09498-1024x858.jpg 1024w, https:\/\/pracownicyopieki.org\/dps\/wp-content\/uploads\/2025\/06\/DSC09498-768x644.jpg 768w, https:\/\/pracownicyopieki.org\/dps\/wp-content\/uploads\/2025\/06\/DSC09498-1536x1287.jpg 1536w, https:\/\/pracownicyopieki.org\/dps\/wp-content\/uploads\/2025\/06\/DSC09498-2048x1716.jpg 2048w\" sizes=\"auto, (max-width: 2560px) 100vw, 2560px\" \/><\/a><\/figure><\/div>\n\n\n\n<div class=\"wp-block-column is-layout-flow wp-block-column-is-layout-flow\" style=\"flex-basis:70%\"><h2 class=\"wp-block-post-title\"><a href=\"https:\/\/pracownicyopieki.org\/dps\/przetestuj-rejestracje-online\/\" target=\"_self\" >Przetestuj rejestracj\u0119 online!<\/a><\/h2>\n\n<div class=\"wp-block-post-excerpt\"><p class=\"wp-block-post-excerpt__excerpt\">Nowo\u015b\u0107! Eksperymentujemy z mo\u017cliwo\u015bci\u0105 do\u0142\u0105czenia do zwi\u0105zku online. Na razie to tylko test, ale mo\u017cesz nam pom\u00f3c przechodz\u0105c ca\u0142y proces i daj\u0105c zna\u0107 czy dzia\u0142a.<\/p><p class=\"wp-block-post-excerpt__more-text\"><a class=\"wp-block-post-excerpt__more-link\" href=\"https:\/\/pracownicyopieki.org\/dps\/przetestuj-rejestracje-online\/\">czytaj dalej<\/a><\/p><\/div><\/div>\n<\/div>\n\n<\/li><li class=\"wp-block-post post-123 post type-post status-publish format-standard has-post-thumbnail hentry category-aktualnosci\">\n\n<div class=\"wp-block-columns alignwide is-layout-flex wp-container-core-columns-is-layout-28f84493 wp-block-columns-is-layout-flex\">\n<div class=\"wp-block-column is-layout-flow wp-block-column-is-layout-flow\" style=\"flex-basis:30%\"><figure class=\"wp-block-post-featured-image\"><a href=\"https:\/\/pracownicyopieki.org\/dps\/mamy-wlasna-strone\/\" target=\"_self\"  ><img loading=\"lazy\" decoding=\"async\" width=\"1024\" height=\"466\" src=\"https:\/\/pracownicyopieki.org\/dps\/wp-content\/uploads\/2025\/10\/2020-12-04_chatons-et-cloud-vers-le-future_by-David-Revoy-1024x466-1.jpg\" class=\"attachment-post-thumbnail size-post-thumbnail wp-post-image\" alt=\"Nasza komisja mi\u0119dzyzak\u0142adowa ma w\u0142asn\u0105 stron\u0119!\" style=\"object-fit:cover;\" srcset=\"https:\/\/pracownicyopieki.org\/dps\/wp-content\/uploads\/2025\/10\/2020-12-04_chatons-et-cloud-vers-le-future_by-David-Revoy-1024x466-1.jpg 1024w, https:\/\/pracownicyopieki.org\/dps\/wp-content\/uploads\/2025\/10\/2020-12-04_chatons-et-cloud-vers-le-future_by-David-Revoy-1024x466-1-300x137.jpg 300w, https:\/\/pracownicyopieki.org\/dps\/wp-content\/uploads\/2025\/10\/2020-12-04_chatons-et-cloud-vers-le-future_by-David-Revoy-1024x466-1-768x350.jpg 768w\" sizes=\"auto, (max-width: 1024px) 100vw, 1024px\" \/><\/a><\/figure><\/div>\n\n\n\n<div class=\"wp-block-column is-layout-flow wp-block-column-is-layout-flow\" style=\"flex-basis:70%\"><h2 class=\"wp-block-post-title\"><a href=\"https:\/\/pracownicyopieki.org\/dps\/mamy-wlasna-strone\/\" target=\"_self\" >Nasza komisja mi\u0119dzyzak\u0142adowa ma w\u0142asn\u0105 stron\u0119!<\/a><\/h2>\n\n<div class=\"wp-block-post-excerpt\"><p class=\"wp-block-post-excerpt__excerpt\">Je\u015bli zawsze chcesz by\u0107 na bie\u017c\u0105co mo\u017cesz j\u0105 \u015bledzi\u0107 na r\u00f3\u017cne sposoby. Na pewno znajdziesz wygodny dla siebie \ud83d\ude42<\/p><p class=\"wp-block-post-excerpt__more-text\"><a class=\"wp-block-post-excerpt__more-link\" href=\"https:\/\/pracownicyopieki.org\/dps\/mamy-wlasna-strone\/\">czytaj dalej<\/a><\/p><\/div><\/div>\n<\/div>\n\n<\/li><\/ul><\/div>\n","protected":false},"excerpt":{"rendered":"","protected":false},"author":1,"featured_media":0,"parent":0,"menu_order":0,"comment_status":"closed","ping_status":"closed","template":"","meta":{"_FSMCFIC_featured_image_caption":"","_FSMCFIC_featured_image_nocaption":"","_FSMCFIC_featured_image_hide":"","footnotes":""},"class_list":["post-180","page","type-page","status-publish","hentry"],"_links":{"self":[{"href":"https:\/\/pracownicyopieki.org\/dps\/wp-json\/wp\/v2\/pages\/180","targetHints":{"allow":["GET"]}}],"collection":[{"href":"https:\/\/pracownicyopieki.org\/dps\/wp-json\/wp\/v2\/pages"}],"about":[{"href":"https:\/\/pracownicyopieki.org\/dps\/wp-json\/wp\/v2\/types\/page"}],"author":[{"embeddable":true,"href":"https:\/\/pracownicyopieki.org\/dps\/wp-json\/wp\/v2\/users\/1"}],"replies":[{"embeddable":true,"href":"https:\/\/pracownicyopieki.org\/dps\/wp-json\/wp\/v2\/comments?post=180"}],"version-history":[{"count":2,"href":"https:\/\/pracownicyopieki.org\/dps\/wp-json\/wp\/v2\/pages\/180\/revisions"}],"predecessor-version":[{"id":182,"href":"https:\/\/pracownicyopieki.org\/dps\/wp-json\/wp\/v2\/pages\/180\/revisions\/182"}],"wp:attachment":[{"href":"https:\/\/pracownicyopieki.org\/dps\/wp-json\/wp\/v2\/media?parent=180"}],"curies":[{"name":"wp","href":"https:\/\/api.w.org\/{rel}","templated":true}]}}